{"id":24,"date":"2017-01-27T13:26:20","date_gmt":"2017-01-27T13:26:20","guid":{"rendered":"https:\/\/gema.univasf.edu.br\/?page_id=24"},"modified":"2019-09-23T19:26:22","modified_gmt":"2019-09-23T19:26:22","slug":"quem-somos","status":"publish","type":"page","link":"https:\/\/gema.univasf.edu.br\/?page_id=24","title":{"rendered":"Quem somos"},"content":{"rendered":"<p><a name=\"descri\u00e7\u00e3o\"><\/a><\/p>\n<p style=\"text-align: justify;\">O <strong>GEMA<\/strong> \u00e9 um grupo de pesquisa com uma proposta de trabalho especializado no uso de geoprocessamento, sensoriamento remoto, modelagem e outras tecnologias espaciais como ferramentas aplicadas ao entendimento do espa\u00e7o, da paisagem, do territ\u00f3rio e suas ecologias no suporte \u00e0s ci\u00eancias geogr\u00e1ficas e ambientais. O grupo visa atua\u00e7\u00e3o em todo o territ\u00f3rio nacional, \u00e9 baseado no Semi\u00e1rido da Bahia e trabalha com \u00eanfase nas regi\u00f5es norte e nordeste, menos favorecidas historicamente por a\u00e7\u00f5es de pesquisa que buscam a ampla compreens\u00e3o das rela\u00e7\u00f5es entre o espa\u00e7o natural e geogr\u00e1fico, suas popula\u00e7\u00f5es e seu ambiente f\u00edsico, naturalmente estabelecidas ou induzidas. Os projetos de pesquisa e extens\u00e3o associados a este grupo s\u00e3o relacionados principalmente \u00e0 paleoecologia, ecologia de paisagem e humana, geografia, turismo e ecoturismo, degrada\u00e7\u00e3o ambiental e conserva\u00e7\u00e3o, nos ambientes de Caatinga, Cerrado, Mata Atl\u00e2ntica, e Floresta Amaz\u00f4nica.<\/p>\n<p style=\"text-align: justify;\">O GEMA \u00e9 registrado no <a href=\"http:\/\/lattes.cnpq.br\/web\/dgp\">Diret\u00f3rio Nacional de Grupos de Pesquisa do CNPQ <\/a>(Conselho Nacional de Desenvolvimento Cient\u00edfico e Tecnol\u00f3gico). O grupo \u00e9 vinculado e certificado pela <a href=\"http:\/\/www.univasf.edu.br\">Universidade Federal do Vale do S\u00e3o Francisco (UNIVASF)<\/a>, junto aos colegiados de <a href=\"http:\/\/www.geografia.univasf.edu.br\">Geografia <\/a>e <a href=\"http:\/\/www.ecologia.univasf.edu.br\">Ecologia <\/a>do Campus de Senhor do Bonfim, Bahia com pesquisadores de outras institui\u00e7\u00f5es como Universidade Federal do Par\u00e1 (UFPA) e do Instituto Federal de Alagoas (IFAL).<\/p>\n<p style=\"text-align: justify;\">Como grupo de pesquisa somos <a href=\"#pesquisadores\">Pesquisadores<\/a>, em sua maioria professores universit\u00e1rios associados a diferentes Institui\u00e7\u00f5es de Ensino, <a href=\"#discentes\">Discentes<\/a>, estudantes em sua maioria universit\u00e1rios (sendo alguns de ensino m\u00e9dio) associados \u00e0 projetos de pesquisa e extens\u00e3o, e <a href=\"#colaboradores\">Colaboradores ou Parceiros<\/a>, pessoas ou institui\u00e7\u00f5es que colaboram de alguma forma em nossos projetos e iniciativas.<\/p>\n<p>&nbsp;<\/p>\n<h3><span style=\"font-family: 'book antiqua', palatino, serif;\"><strong>\u00a0 \u00a0 \u00a0 \u00a0 \u00a0 \u00a0 \u00a0 \u00a0 \u00a0 \u00a0 \u00a0 \u00a0 EKOKATU \u00a0 <span style=\"color: #99ccff;\">| <\/span>\u00a0SEA<\/strong><\/span><\/h3>\n<p>&nbsp;<\/p>\n","protected":false},"excerpt":{"rendered":"<p>O GEMA \u00e9 um grupo de pesquisa com uma proposta de trabalho especializado no uso de geoprocessamento, sensoriamento remoto, modelagem e outras tecnologias espaciais como ferramentas aplicadas ao entendimento do &hellip; <a class=\"readmore\" href=\"https:\/\/gema.univasf.edu.br\/?page_id=24\">Continue Reading &rarr;<\/a><\/p>\n","protected":false},"author":1,"featured_media":0,"parent":0,"menu_order":0,"comment_status":"closed","ping_status":"closed","template":"","meta":{"jetpack_post_was_ever_published":false,"footnotes":""},"jetpack_sharing_enabled":true,"jetpack_shortlink":"https:\/\/wp.me\/P8l82G-o","_links":{"self":[{"href":"https:\/\/gema.univasf.edu.br\/index.php?rest_route=\/wp\/v2\/pages\/24"}],"collection":[{"href":"https:\/\/gema.univasf.edu.br\/index.php?rest_route=\/wp\/v2\/pages"}],"about":[{"href":"https:\/\/gema.univasf.edu.br\/index.php?rest_route=\/wp\/v2\/types\/page"}],"author":[{"embeddable":true,"href":"https:\/\/gema.univasf.edu.br\/index.php?rest_route=\/wp\/v2\/users\/1"}],"replies":[{"embeddable":true,"href":"https:\/\/gema.univasf.edu.br\/index.php?rest_route=%2Fwp%2Fv2%2Fcomments&post=24"}],"version-history":[{"count":45,"href":"https:\/\/gema.univasf.edu.br\/index.php?rest_route=\/wp\/v2\/pages\/24\/revisions"}],"predecessor-version":[{"id":488,"href":"https:\/\/gema.univasf.edu.br\/index.php?rest_route=\/wp\/v2\/pages\/24\/revisions\/488"}],"wp:attachment":[{"href":"https:\/\/gema.univasf.edu.br\/index.php?rest_route=%2Fwp%2Fv2%2Fmedia&parent=24"}],"curies":[{"name":"wp","href":"https:\/\/api.w.org\/{rel}","templated":true}]}}