{"id":256,"date":"2017-04-28T11:46:16","date_gmt":"2017-04-28T11:46:16","guid":{"rendered":"https:\/\/gema.univasf.edu.br\/?page_id=256"},"modified":"2019-09-23T00:47:19","modified_gmt":"2019-09-23T00:47:19","slug":"produtos-gerados","status":"publish","type":"page","link":"https:\/\/gema.univasf.edu.br\/?page_id=256","title":{"rendered":"Produtos"},"content":{"rendered":"\t\t<div data-elementor-type=\"wp-page\" data-elementor-id=\"256\" class=\"elementor elementor-256 elementor-bc-flex-widget\">\n\t\t\t\t\t\t\t\t\t<section class=\"elementor-section elementor-top-section elementor-element elementor-element-s8vc75e elementor-section-boxed elementor-section-height-default elementor-section-height-default\" data-id=\"s8vc75e\" data-element_type=\"section\">\n\t\t\t\t\t\t<div class=\"elementor-container elementor-column-gap-default\">\n\t\t\t\t\t<div class=\"elementor-column elementor-col-100 elementor-top-column elementor-element elementor-element-i3dubbh\" data-id=\"i3dubbh\" data-element_type=\"column\">\n\t\t\t<div class=\"elementor-widget-wrap elementor-element-populated\">\n\t\t\t\t\t\t\t\t<div class=\"elementor-element elementor-element-t5e3egp elementor-widget elementor-widget-alert\" data-id=\"t5e3egp\" data-element_type=\"widget\" data-widget_type=\"alert.default\">\n\t\t\t\t<div class=\"elementor-widget-container\">\n\t\t\t\t\t<div class=\"elementor-alert elementor-alert-info\" role=\"alert\">\n\t\t\t<span class=\"elementor-alert-title\">Fotos Panor\u00e2micas<\/span>\n\t\t\t\t\t\t\t<span class=\"elementor-alert-description\">Uma t\u00e9cnica\u00a0especial que\u00a0re\u00fane\u00a0m\u00faltiplas imagens\u00a0em conjunto a partir da mesma c\u00e2mera. O objetivo \u00e9 formar\u00a0uma fotografia \u00fanica e abrangente (vertical ou\u00a0horizontal).\u00a0<\/span>\n\t\t\t\t\t\t\t\t<\/div>\n\t\t\t\t<\/div>\n\t\t\t\t<\/div>\n\t\t\t\t\t<\/div>\n\t\t<\/div>\n\t\t\t\t\t\t\t<\/div>\n\t\t<\/section>\n\t\t\t\t<section class=\"elementor-section elementor-top-section elementor-element elementor-element-3e6xojw elementor-section-boxed elementor-section-height-default elementor-section-height-default\" data-id=\"3e6xojw\" data-element_type=\"section\">\n\t\t\t\t\t\t<div class=\"elementor-container elementor-column-gap-default\">\n\t\t\t\t\t<div class=\"elementor-column elementor-col-33 elementor-top-column elementor-element elementor-element-gssedgb\" data-id=\"gssedgb\" data-element_type=\"column\">\n\t\t\t<div class=\"elementor-widget-wrap elementor-element-populated\">\n\t\t\t\t\t\t\t\t<div class=\"elementor-element elementor-element-gqbqo7u elementor-widget elementor-widget-image\" data-id=\"gqbqo7u\" data-element_type=\"widget\" data-widget_type=\"image.default\">\n\t\t\t\t<div class=\"elementor-widget-container\">\n\t\t\t\t\t\t\t\t\t\t\t\t\t\t\t\t<a href=\"https:\/\/www.facebook.com\/gemaunivasf\/photos\/a.177694882743538.1073741828.171308500048843\/177779512735075\/?type=3&#038;theater\" target=\"_blank\">\n\t\t\t\t\t\t\t<img decoding=\"async\" loading=\"lazy\" width=\"210\" height=\"146\" src=\"https:\/\/gema.univasf.edu.br\/wp-content\/uploads\/2017\/04\/maria_maria_360.jpg\" class=\"elementor-animation-shrink attachment-featured size-featured wp-image-272\" alt=\"\" \/>\t\t\t\t\t\t\t\t<\/a>\n\t\t\t\t\t\t\t\t\t\t\t\t\t\t\t<\/div>\n\t\t\t\t<\/div>\n\t\t\t\t<div class=\"elementor-element elementor-element-5hs8k9q elementor-widget elementor-widget-heading\" data-id=\"5hs8k9q\" data-element_type=\"widget\" data-widget_type=\"heading.default\">\n\t\t\t\t<div class=\"elementor-widget-container\">\n\t\t\t<h3 class=\"elementor-heading-title elementor-size-default\"><a href=\"https:\/\/www.facebook.com\/gemaunivasf\/photos\/a.177694882743538.1073741828.171308500048843\/177779512735075\/?type=3&#038;theater\" target=\"_blank\">RPPN MARIA MARIA<\/a><\/h3>\t\t<\/div>\n\t\t\t\t<\/div>\n\t\t\t\t<div class=\"elementor-element elementor-element-gdik7sv elementor-widget elementor-widget-text-editor\" data-id=\"gdik7sv\" data-element_type=\"widget\" data-widget_type=\"text-editor.default\">\n\t\t\t\t<div class=\"elementor-widget-container\">\n\t\t\t\t\t\t\t<p style=\"text-align: center;\">Vista em 360\u00ba pela RPPN Maria Maria na cidade de Sa\u00fade-BA.<\/p>\t\t\t\t\t\t<\/div>\n\t\t\t\t<\/div>\n\t\t\t\t<div class=\"elementor-element elementor-element-b3hfncb elementor-widget elementor-widget-image\" data-id=\"b3hfncb\" data-element_type=\"widget\" data-widget_type=\"image.default\">\n\t\t\t\t<div class=\"elementor-widget-container\">\n\t\t\t\t\t\t\t\t\t\t\t\t\t\t\t\t<a href=\"https:\/\/www.facebook.com\/vitorntv\/posts\/10212121347819962\" target=\"_blank\">\n\t\t\t\t\t\t\t<img decoding=\"async\" loading=\"lazy\" width=\"210\" height=\"146\" src=\"https:\/\/gema.univasf.edu.br\/wp-content\/uploads\/2017\/04\/prefeitura_360.jpg\" class=\"elementor-animation-shrink attachment-featured size-featured wp-image-276\" alt=\"\" \/>\t\t\t\t\t\t\t\t<\/a>\n\t\t\t\t\t\t\t\t\t\t\t\t\t\t\t<\/div>\n\t\t\t\t<\/div>\n\t\t\t\t<div class=\"elementor-element elementor-element-9ojq3sk elementor-widget elementor-widget-heading\" data-id=\"9ojq3sk\" data-element_type=\"widget\" data-widget_type=\"heading.default\">\n\t\t\t\t<div class=\"elementor-widget-container\">\n\t\t\t<h3 class=\"elementor-heading-title elementor-size-default\"><a href=\"https:\/\/www.facebook.com\/vitorntv\/posts\/10212121347819962\" target=\"_blank\">SENHOR DO BONFIM - BA<\/a><\/h3>\t\t<\/div>\n\t\t\t\t<\/div>\n\t\t\t\t<div class=\"elementor-element elementor-element-5sz6ls9 elementor-widget elementor-widget-text-editor\" data-id=\"5sz6ls9\" data-element_type=\"widget\" data-widget_type=\"text-editor.default\">\n\t\t\t\t<div class=\"elementor-widget-container\">\n\t\t\t\t\t\t\t<p style=\"text-align: center;\">360\u00ba pelas imedia\u00e7\u00f5es da\u00a0Prefeitura Municipal de Senhor do Bonfim-BA.<\/p>\t\t\t\t\t\t<\/div>\n\t\t\t\t<\/div>\n\t\t\t\t\t<\/div>\n\t\t<\/div>\n\t\t\t\t<div class=\"elementor-column elementor-col-33 elementor-top-column elementor-element elementor-element-h5grmju\" data-id=\"h5grmju\" data-element_type=\"column\">\n\t\t\t<div class=\"elementor-widget-wrap elementor-element-populated\">\n\t\t\t\t\t\t\t\t<div class=\"elementor-element elementor-element-wbrxfpf elementor-widget elementor-widget-image\" data-id=\"wbrxfpf\" data-element_type=\"widget\" data-widget_type=\"image.default\">\n\t\t\t\t<div class=\"elementor-widget-container\">\n\t\t\t\t\t\t\t\t\t\t\t\t\t\t\t<img decoding=\"async\" loading=\"lazy\" width=\"210\" height=\"146\" src=\"https:\/\/gema.univasf.edu.br\/wp-content\/uploads\/2017\/04\/cachoeira_payaya_360.jpg\" class=\"elementor-animation-shrink attachment-featured size-featured wp-image-273\" alt=\"\" \/>\t\t\t\t\t\t\t\t\t\t\t\t\t\t\t<\/div>\n\t\t\t\t<\/div>\n\t\t\t\t<div class=\"elementor-element elementor-element-m3tbmnk elementor-widget elementor-widget-heading\" data-id=\"m3tbmnk\" data-element_type=\"widget\" data-widget_type=\"heading.default\">\n\t\t\t\t<div class=\"elementor-widget-container\">\n\t\t\t<h3 class=\"elementor-heading-title elementor-size-default\">CACHOEIRA DO PAYAYA<\/h3>\t\t<\/div>\n\t\t\t\t<\/div>\n\t\t\t\t<div class=\"elementor-element elementor-element-diqv0dt elementor-widget elementor-widget-text-editor\" data-id=\"diqv0dt\" data-element_type=\"widget\" data-widget_type=\"text-editor.default\">\n\t\t\t\t<div class=\"elementor-widget-container\">\n\t\t\t\t\t\t\t<p style=\"text-align: center;\">Mais uma linda vista em 360\u00ba pela Cachoeira do Payaya na cidade de Sa\u00fade-BA.<\/p>\t\t\t\t\t\t<\/div>\n\t\t\t\t<\/div>\n\t\t\t\t<div class=\"elementor-element elementor-element-klrbz09 elementor-widget elementor-widget-image\" data-id=\"klrbz09\" data-element_type=\"widget\" data-widget_type=\"image.default\">\n\t\t\t\t<div class=\"elementor-widget-container\">\n\t\t\t\t\t\t\t\t\t\t\t\t\t\t\t\t<a href=\"https:\/\/www.facebook.com\/vitorntv\/posts\/10212121347819962\" target=\"_blank\">\n\t\t\t\t\t\t\t<img decoding=\"async\" loading=\"lazy\" width=\"210\" height=\"146\" src=\"https:\/\/gema.univasf.edu.br\/wp-content\/uploads\/2017\/04\/jaguarari1_360.jpg\" class=\"elementor-animation-shrink attachment-featured size-featured wp-image-274\" alt=\"\" \/>\t\t\t\t\t\t\t\t<\/a>\n\t\t\t\t\t\t\t\t\t\t\t\t\t\t\t<\/div>\n\t\t\t\t<\/div>\n\t\t\t\t<div class=\"elementor-element elementor-element-rkhrtim elementor-widget elementor-widget-heading\" data-id=\"rkhrtim\" data-element_type=\"widget\" data-widget_type=\"heading.default\">\n\t\t\t\t<div class=\"elementor-widget-container\">\n\t\t\t<h3 class=\"elementor-heading-title elementor-size-default\"><a href=\"https:\/\/www.facebook.com\/vitorntv\/posts\/10212121347819962\" target=\"_blank\">JAGUARARI - BA<\/a><\/h3>\t\t<\/div>\n\t\t\t\t<\/div>\n\t\t\t\t<div class=\"elementor-element elementor-element-ca1rud7 elementor-widget elementor-widget-text-editor\" data-id=\"ca1rud7\" data-element_type=\"widget\" data-widget_type=\"text-editor.default\">\n\t\t\t\t<div class=\"elementor-widget-container\">\n\t\t\t\t\t\t\t<p style=\"text-align: center;\">Foto panor\u00e2mica da principal pra\u00e7a da cidade de Jaguarari-BA<\/p>\t\t\t\t\t\t<\/div>\n\t\t\t\t<\/div>\n\t\t\t\t\t<\/div>\n\t\t<\/div>\n\t\t\t\t<div class=\"elementor-column elementor-col-33 elementor-top-column elementor-element elementor-element-qqlj4qs\" data-id=\"qqlj4qs\" data-element_type=\"column\">\n\t\t\t<div class=\"elementor-widget-wrap elementor-element-populated\">\n\t\t\t\t\t\t\t\t<div class=\"elementor-element elementor-element-6wdhvdv elementor-widget elementor-widget-image\" data-id=\"6wdhvdv\" data-element_type=\"widget\" data-widget_type=\"image.default\">\n\t\t\t\t<div class=\"elementor-widget-container\">\n\t\t\t\t\t\t\t\t\t\t\t\t\t\t\t\t<a href=\"http:\/\/www.gema.univasf.edu.br\/panoramicas\/web3\/web.html\" target=\"_blank\">\n\t\t\t\t\t\t\t<img decoding=\"async\" loading=\"lazy\" width=\"210\" height=\"146\" src=\"https:\/\/gema.univasf.edu.br\/wp-content\/uploads\/2017\/04\/univasf_bonfim_360.jpg\" class=\"elementor-animation-shrink attachment-featured size-featured wp-image-277\" alt=\"\" \/>\t\t\t\t\t\t\t\t<\/a>\n\t\t\t\t\t\t\t\t\t\t\t\t\t\t\t<\/div>\n\t\t\t\t<\/div>\n\t\t\t\t<div class=\"elementor-element elementor-element-68ctjpa elementor-widget elementor-widget-heading\" data-id=\"68ctjpa\" data-element_type=\"widget\" data-widget_type=\"heading.default\">\n\t\t\t\t<div class=\"elementor-widget-container\">\n\t\t\t<h3 class=\"elementor-heading-title elementor-size-default\"><a href=\"http:\/\/www.gema.univasf.edu.br\/panoramicas\/web3\/web.html\" target=\"_blank\">UNIVASF SR. DO BONFIM<\/a><\/h3>\t\t<\/div>\n\t\t\t\t<\/div>\n\t\t\t\t<div class=\"elementor-element elementor-element-sdbjy16 elementor-widget elementor-widget-text-editor\" data-id=\"sdbjy16\" data-element_type=\"widget\" data-widget_type=\"text-editor.default\">\n\t\t\t\t<div class=\"elementor-widget-container\">\n\t\t\t\t\t\t\t<p style=\"text-align: center;\">Fa\u00e7a um tour virtual pelas principais depend\u00eancias da UNIVAS Sr. do Bonfim.<\/p>\t\t\t\t\t\t<\/div>\n\t\t\t\t<\/div>\n\t\t\t\t<div class=\"elementor-element elementor-element-4u5xlro elementor-widget elementor-widget-image\" data-id=\"4u5xlro\" data-element_type=\"widget\" data-widget_type=\"image.default\">\n\t\t\t\t<div class=\"elementor-widget-container\">\n\t\t\t\t\t\t\t\t\t\t\t\t\t\t\t\t<a href=\"https:\/\/www.facebook.com\/vitorntv\/posts\/10212127731779557\" target=\"_blank\">\n\t\t\t\t\t\t\t<img decoding=\"async\" loading=\"lazy\" width=\"210\" height=\"146\" src=\"https:\/\/gema.univasf.edu.br\/wp-content\/uploads\/2017\/04\/praca_nova_360.jpg\" class=\"elementor-animation-shrink attachment-featured size-featured wp-image-275\" alt=\"\" \/>\t\t\t\t\t\t\t\t<\/a>\n\t\t\t\t\t\t\t\t\t\t\t\t\t\t\t<\/div>\n\t\t\t\t<\/div>\n\t\t\t\t<div class=\"elementor-element elementor-element-a5xix9t elementor-widget elementor-widget-heading\" data-id=\"a5xix9t\" data-element_type=\"widget\" data-widget_type=\"heading.default\">\n\t\t\t\t<div class=\"elementor-widget-container\">\n\t\t\t<h3 class=\"elementor-heading-title elementor-size-default\"><a href=\"https:\/\/www.facebook.com\/vitorntv\/posts\/10212127731779557\" target=\"_blank\">SENHOR DO BONFIM - BA<\/a><\/h3>\t\t<\/div>\n\t\t\t\t<\/div>\n\t\t\t\t<div class=\"elementor-element elementor-element-pcw961y elementor-widget elementor-widget-text-editor\" data-id=\"pcw961y\" data-element_type=\"widget\" data-widget_type=\"text-editor.default\">\n\t\t\t\t<div class=\"elementor-widget-container\">\n\t\t\t\t\t\t\t<p style=\"text-align: center;\">Foto panor\u00e2mica feita na Pra\u00e7a Nova do Congresso em\u00a0Senhor do Bonfim-BA<\/p>\t\t\t\t\t\t<\/div>\n\t\t\t\t<\/div>\n\t\t\t\t\t<\/div>\n\t\t<\/div>\n\t\t\t\t\t\t\t<\/div>\n\t\t<\/section>\n\t\t\t\t<section class=\"elementor-section elementor-top-section elementor-element elementor-element-gz2nxt2 elementor-section-boxed elementor-section-height-default elementor-section-height-default\" data-id=\"gz2nxt2\" data-element_type=\"section\">\n\t\t\t\t\t\t<div class=\"elementor-container elementor-column-gap-default\">\n\t\t\t\t\t<div class=\"elementor-column elementor-col-100 elementor-top-column elementor-element elementor-element-w6p0333\" data-id=\"w6p0333\" data-element_type=\"column\">\n\t\t\t<div class=\"elementor-widget-wrap elementor-element-populated\">\n\t\t\t\t\t\t\t\t<div class=\"elementor-element elementor-element-t9iiuk0 elementor-widget-divider--view-line elementor-widget elementor-widget-divider\" data-id=\"t9iiuk0\" data-element_type=\"widget\" data-widget_type=\"divider.default\">\n\t\t\t\t<div class=\"elementor-widget-container\">\n\t\t\t\t\t<div class=\"elementor-divider\">\n\t\t\t<span class=\"elementor-divider-separator\">\n\t\t\t\t\t\t<\/span>\n\t\t<\/div>\n\t\t\t\t<\/div>\n\t\t\t\t<\/div>\n\t\t\t\t\t<\/div>\n\t\t<\/div>\n\t\t\t\t\t\t\t<\/div>\n\t\t<\/section>\n\t\t\t\t<section class=\"elementor-section elementor-top-section elementor-element elementor-element-ss9a20v elementor-section-boxed elementor-section-height-default elementor-section-height-default\" data-id=\"ss9a20v\" data-element_type=\"section\">\n\t\t\t\t\t\t<div class=\"elementor-container elementor-column-gap-default\">\n\t\t\t\t\t<div class=\"elementor-column elementor-col-100 elementor-top-column elementor-element elementor-element-1p6w5k6\" data-id=\"1p6w5k6\" data-element_type=\"column\">\n\t\t\t<div class=\"elementor-widget-wrap elementor-element-populated\">\n\t\t\t\t\t\t\t\t<div class=\"elementor-element elementor-element-2osmva0 elementor-widget elementor-widget-alert\" data-id=\"2osmva0\" data-element_type=\"widget\" data-widget_type=\"alert.default\">\n\t\t\t\t<div class=\"elementor-widget-container\">\n\t\t\t\t\t<div class=\"elementor-alert elementor-alert-info\" role=\"alert\">\n\t\t\t<span class=\"elementor-alert-title\">Modelagem 3D<\/span>\n\t\t\t\t\t\t\t<span class=\"elementor-alert-description\">\u00c9 o processo de desenvolvimento de uma representa\u00e7\u00e3o matem\u00e1tica de qualquer superf\u00edcie tridimensional de um objeto (seja inanimado ou vivo), atrav\u00e9s de software especializado. O produto \u00e9 chamado de modelo tridimensional. (Wikip\u00e9dia)<\/span>\n\t\t\t\t\t\t\t\t<\/div>\n\t\t\t\t<\/div>\n\t\t\t\t<\/div>\n\t\t\t\t\t<\/div>\n\t\t<\/div>\n\t\t\t\t\t\t\t<\/div>\n\t\t<\/section>\n\t\t\t\t<section class=\"elementor-section elementor-top-section elementor-element elementor-element-in9w8gk elementor-section-boxed elementor-section-height-default elementor-section-height-default\" data-id=\"in9w8gk\" data-element_type=\"section\">\n\t\t\t\t\t\t<div class=\"elementor-container elementor-column-gap-default\">\n\t\t\t\t\t<div class=\"elementor-column elementor-col-33 elementor-top-column elementor-element elementor-element-ifs3xnw\" data-id=\"ifs3xnw\" data-element_type=\"column\">\n\t\t\t<div class=\"elementor-widget-wrap elementor-element-populated\">\n\t\t\t\t\t\t\t\t<div class=\"elementor-element elementor-element-be4p5b4 elementor-widget elementor-widget-image\" data-id=\"be4p5b4\" data-element_type=\"widget\" data-widget_type=\"image.default\">\n\t\t\t\t<div class=\"elementor-widget-container\">\n\t\t\t\t\t\t\t\t\t\t\t\t\t\t\t\t<a href=\"https:\/\/www.altizure.com\/project\/5a0cf6bc6fdf062fe576f424\/model\" target=\"_blank\">\n\t\t\t\t\t\t\t<img decoding=\"async\" loading=\"lazy\" width=\"210\" height=\"151\" src=\"https:\/\/gema.univasf.edu.br\/wp-content\/uploads\/2017\/04\/3D_Benevide1.png\" class=\"attachment-featured size-featured wp-image-370\" alt=\"\" \/>\t\t\t\t\t\t\t\t<\/a>\n\t\t\t\t\t\t\t\t\t\t\t\t\t\t\t<\/div>\n\t\t\t\t<\/div>\n\t\t\t\t<div class=\"elementor-element elementor-element-ph2bo59 elementor-widget elementor-widget-heading\" data-id=\"ph2bo59\" data-element_type=\"widget\" data-widget_type=\"heading.default\">\n\t\t\t\t<div class=\"elementor-widget-container\">\n\t\t\t<h3 class=\"elementor-heading-title elementor-size-default\"><a href=\"https:\/\/www.altizure.com\/project\/5a0cf6bc6fdf062fe576f424\/model\" target=\"_blank\">Benevide Hall - 3D<\/a><\/h3>\t\t<\/div>\n\t\t\t\t<\/div>\n\t\t\t\t<div class=\"elementor-element elementor-element-7g7ckqa elementor-widget elementor-widget-text-editor\" data-id=\"7g7ckqa\" data-element_type=\"widget\" data-widget_type=\"text-editor.default\">\n\t\t\t\t<div class=\"elementor-widget-container\">\n\t\t\t\t\t\t\t<p>Modelo teste em 3 dimens\u00f5es de uma casa de shows particular localizada na cidade de Senhor do Bonfim-BA.<\/p>\t\t\t\t\t\t<\/div>\n\t\t\t\t<\/div>\n\t\t\t\t\t<\/div>\n\t\t<\/div>\n\t\t\t\t<div class=\"elementor-column elementor-col-33 elementor-top-column elementor-element elementor-element-by6b44v\" data-id=\"by6b44v\" data-element_type=\"column\">\n\t\t\t<div class=\"elementor-widget-wrap elementor-element-populated\">\n\t\t\t\t\t\t\t\t<div class=\"elementor-element elementor-element-q8toy0a elementor-widget elementor-widget-image\" data-id=\"q8toy0a\" data-element_type=\"widget\" data-widget_type=\"image.default\">\n\t\t\t\t<div class=\"elementor-widget-container\">\n\t\t\t\t\t\t\t\t\t\t\t\t\t\t\t\t<a href=\"https:\/\/www.altizure.com\/project\/5a0d7dc6ed2ac76194c7da8b\/model\" target=\"_blank\">\n\t\t\t\t\t\t\t<img decoding=\"async\" loading=\"lazy\" width=\"210\" height=\"155\" src=\"https:\/\/gema.univasf.edu.br\/wp-content\/uploads\/2017\/04\/3D_terrenosfrega4.jpg\" class=\"attachment-featured size-featured wp-image-375\" alt=\"\" \/>\t\t\t\t\t\t\t\t<\/a>\n\t\t\t\t\t\t\t\t\t\t\t\t\t\t\t<\/div>\n\t\t\t\t<\/div>\n\t\t\t\t<div class=\"elementor-element elementor-element-vkr3kh0 elementor-widget elementor-widget-heading\" data-id=\"vkr3kh0\" data-element_type=\"widget\" data-widget_type=\"heading.default\">\n\t\t\t\t<div class=\"elementor-widget-container\">\n\t\t\t<h3 class=\"elementor-heading-title elementor-size-default\"><a href=\"https:\/\/www.altizure.com\/project\/5a0d7dc6ed2ac76194c7da8b\/model\" target=\"_blank\">Pilha de areia - 3D<\/a><\/h3>\t\t<\/div>\n\t\t\t\t<\/div>\n\t\t\t\t<div class=\"elementor-element elementor-element-hbiq0e5 elementor-widget elementor-widget-text-editor\" data-id=\"hbiq0e5\" data-element_type=\"widget\" data-widget_type=\"text-editor.default\">\n\t\t\t\t<div class=\"elementor-widget-container\">\n\t\t\t\t\t\t\t<p>modelo teste\u00a0de uma pilha de areia para estudo de c\u00e1lculo de volume.<\/p>\t\t\t\t\t\t<\/div>\n\t\t\t\t<\/div>\n\t\t\t\t\t<\/div>\n\t\t<\/div>\n\t\t\t\t<div class=\"elementor-column elementor-col-33 elementor-top-column elementor-element elementor-element-s5mklls\" data-id=\"s5mklls\" data-element_type=\"column\">\n\t\t\t<div class=\"elementor-widget-wrap\">\n\t\t\t\t\t\t\t\t\t<\/div>\n\t\t<\/div>\n\t\t\t\t\t\t\t<\/div>\n\t\t<\/section>\n\t\t\t\t\t\t\t<\/div>\n\t\t","protected":false},"excerpt":{"rendered":"<p>Fotos Panor\u00e2micasUma t\u00e9cnica\u00a0especial que\u00a0re\u00fane\u00a0m\u00faltiplas imagens\u00a0em conjunto a partir da mesma c\u00e2mera. O objetivo \u00e9 formar\u00a0uma fotografia \u00fanica e abrangente (vertical ou\u00a0horizontal). RPPN MARIA MARIA Vista em 360\u00ba pela RPPN Maria &hellip; <a class=\"readmore\" href=\"https:\/\/gema.univasf.edu.br\/?page_id=256\">Continue Reading &rarr;<\/a><\/p>\n","protected":false},"author":1,"featured_media":0,"parent":0,"menu_order":0,"comment_status":"closed","ping_status":"closed","template":"","meta":{"jetpack_post_was_ever_published":false,"footnotes":""},"jetpack_sharing_enabled":true,"jetpack_shortlink":"https:\/\/wp.me\/P8l82G-48","_links":{"self":[{"href":"https:\/\/gema.univasf.edu.br\/index.php?rest_route=\/wp\/v2\/pages\/256"}],"collection":[{"href":"https:\/\/gema.univasf.edu.br\/index.php?rest_route=\/wp\/v2\/pages"}],"about":[{"href":"https:\/\/gema.univasf.edu.br\/index.php?rest_route=\/wp\/v2\/types\/page"}],"author":[{"embeddable":true,"href":"https:\/\/gema.univasf.edu.br\/index.php?rest_route=\/wp\/v2\/users\/1"}],"replies":[{"embeddable":true,"href":"https:\/\/gema.univasf.edu.br\/index.php?rest_route=%2Fwp%2Fv2%2Fcomments&post=256"}],"version-history":[{"count":33,"href":"https:\/\/gema.univasf.edu.br\/index.php?rest_route=\/wp\/v2\/pages\/256\/revisions"}],"predecessor-version":[{"id":439,"href":"https:\/\/gema.univasf.edu.br\/index.php?rest_route=\/wp\/v2\/pages\/256\/revisions\/439"}],"wp:attachment":[{"href":"https:\/\/gema.univasf.edu.br\/index.php?rest_route=%2Fwp%2Fv2%2Fmedia&parent=256"}],"curies":[{"name":"wp","href":"https:\/\/api.w.org\/{rel}","templated":true}]}}