{"id":26,"date":"2017-01-27T13:26:32","date_gmt":"2017-01-27T13:26:32","guid":{"rendered":"https:\/\/gema.univasf.edu.br\/?page_id=26"},"modified":"2019-09-23T00:02:14","modified_gmt":"2019-09-23T00:02:14","slug":"linhas-de-pesquisa","status":"publish","type":"page","link":"https:\/\/gema.univasf.edu.br\/?page_id=26","title":{"rendered":"Linhas de pesquisa"},"content":{"rendered":"<p style=\"text-align: center;\"><strong>Atualmente s\u00e3o cinco (05) as linhas de pesquisa desenvolvidas pelo GEMA.<\/strong><\/p>\n<p><strong>1 &#8211; Avalia\u00e7\u00e3o de Impactos Socioambientais<\/strong><\/p>\n<p><em>Objetivos:<\/em> Identificar e mensurar impactos socioambientais de condi\u00e7\u00f5es naturais ou induzidas, de projetos econ\u00f4micos e de engenharia, tais como: mudan\u00e7as clim\u00e1ticas, constru\u00e7\u00f5es de barragens, estradas, minera\u00e7\u00e3o. Principalmente impactos socioambientais sofridos por popula\u00e7\u00f5es tradicionais (ribeirinhos, quilombolas, ind\u00edgenas). Avaliar a sustentabilidade socioambiental e o avan\u00e7o social para as popula\u00e7\u00f5es atingidas e para a regi\u00e3o na qual os projetos est\u00e3o inseridos.<\/p>\n<p><em>Pesquisadores: <a href=\"https:\/\/gema.univasf.edu.br\/?page_id=24#gustavo\">Dr. Gustavo Hees de Negreiros<\/a>, Dr. Leonardo Sena<\/em><\/p>\n<p><em>Projetos:<\/em><\/p>\n<p><em>Publica\u00e7\u00f5es Relacionadas:<\/em><\/p>\n<p><strong>2 &#8211; Degrada\u00e7\u00e3o Ambiental e Conserva\u00e7\u00e3o<\/strong><\/p>\n<p>Estabelecer rotinas de pesquisas para identifica\u00e7\u00e3o, monitoramento espa\u00e7o-temporal e avalia\u00e7\u00e3o da degrada\u00e7\u00e3o ambiental principalmente em regi\u00e3o semi\u00e1rida; Mapear as \u00e1reas degradadas, utilizando t\u00e9cnicas de sensoriamento remoto, considerando as causas antr\u00f3picas bem como as consequ\u00eancias para o ambiente; Analisar as estrat\u00e9gias e metodologias interdisciplinares utilizadas para a recupera\u00e7\u00e3o de \u00e1reas degradadas, visando \u00e0 conserva\u00e7\u00e3o dos recursos naturais e mitiga\u00e7\u00e3o dos danos ambientais.<\/p>\n<p><em>Pesquisadores:<\/em><\/p>\n<p><em>Projetos:<\/em><\/p>\n<p><em>Publica\u00e7\u00f5es Relacionadas:<\/em><\/p>\n<p><strong>3 &#8211; Ecologia Espacial e Geoecologia<\/strong><\/p>\n<p><em>Objetivos:<\/em> A ecologia espacial e a geoecologia combinam a abordagem espacial da geografia com a abordagem funcional da ecologia. Buscam compreender a rela\u00e7\u00e3o entre os padr\u00f5es espaciais e os processos ecol\u00f3gicos em diferentes escalas espa\u00e7o-temporais, analisando a influ\u00eancia da heterogeneidade funcional e estrutural da paisagem na distribui\u00e7\u00e3o esp\u00e9cies e ecossistemas.<\/p>\n<p><em>Pesquisadores:<\/em><\/p>\n<p><em>Projetos:<\/em><\/p>\n<p><em>Publica\u00e7\u00f5es Relacionadas:<\/em><\/p>\n<p><strong>4 &#8211; Geografia, Recursos Naturais e Turismo<\/strong><\/p>\n<p><em>Objetivos:<\/em> Estudar a sustentabilidade da atividade tur\u00edstica analisando seus princ\u00edpios e impactos sob a \u00f3tica da geografia e da ecologia humana. Discutir conceitos e certifica\u00e7\u00f5es do turismo justo e sustent\u00e1vel em suas formas de apresenta\u00e7\u00e3o (aventura, cient\u00edfico, educacional, etc.), e fomentar a discuss\u00e3o de modelos e pol\u00edticas de estrutura\u00e7\u00e3o de projetos de turismo sustent\u00e1vel pela identifica\u00e7\u00e3o, classifica\u00e7\u00e3o e mapeamento da oferta e servi\u00e7os tur\u00edsticos, e seus impactos socioambientais e culturais.<\/p>\n<p><em>Pesquisadores:<\/em><\/p>\n<p><em>Projetos:<\/em><\/p>\n<p><em>Publica\u00e7\u00f5es Relacionadas:<\/em><\/p>\n<p><strong>5 &#8211; Mapeamento, Modelagem e Monitoramento Geoambiental<\/strong><\/p>\n<p><em>Objetivos:<\/em>\u00a0Utilizar t\u00e9cnicas de modelagem, geoprocessamento e sensoriamento remoto para mapear as diferentes caracter\u00edsticas fisiogr\u00e1ficas da paisagem (solo, relevo, geologia, vegeta\u00e7\u00e3o, clima, hidrografia) para fomentar a constru\u00e7\u00e3o de representa\u00e7\u00f5es gr\u00e1ficas da espacializa\u00e7\u00e3o de geoambientes, que servir\u00e3o para subsidiar estrat\u00e9gias de planejamento e monitoramento ambiental e de a\u00e7\u00f5es na paisagem.<\/p>\n<p><em>Pesquisadores:<\/em><\/p>\n<p><em>Projetos:<\/em><\/p>\n<p><em>Publica\u00e7\u00f5es Relacionadas:<\/em><\/p>\n","protected":false},"excerpt":{"rendered":"<p>Atualmente s\u00e3o cinco (05) as linhas de pesquisa desenvolvidas pelo GEMA. 1 &#8211; Avalia\u00e7\u00e3o de Impactos Socioambientais Objetivos: Identificar e mensurar impactos socioambientais de condi\u00e7\u00f5es naturais ou induzidas, de projetos &hellip; <a class=\"readmore\" href=\"https:\/\/gema.univasf.edu.br\/?page_id=26\">Continue Reading &rarr;<\/a><\/p>\n","protected":false},"author":1,"featured_media":0,"parent":0,"menu_order":0,"comment_status":"closed","ping_status":"closed","template":"","meta":{"jetpack_post_was_ever_published":false,"footnotes":""},"jetpack_sharing_enabled":true,"jetpack_shortlink":"https:\/\/wp.me\/P8l82G-q","_links":{"self":[{"href":"https:\/\/gema.univasf.edu.br\/index.php?rest_route=\/wp\/v2\/pages\/26"}],"collection":[{"href":"https:\/\/gema.univasf.edu.br\/index.php?rest_route=\/wp\/v2\/pages"}],"about":[{"href":"https:\/\/gema.univasf.edu.br\/index.php?rest_route=\/wp\/v2\/types\/page"}],"author":[{"embeddable":true,"href":"https:\/\/gema.univasf.edu.br\/index.php?rest_route=\/wp\/v2\/users\/1"}],"replies":[{"embeddable":true,"href":"https:\/\/gema.univasf.edu.br\/index.php?rest_route=%2Fwp%2Fv2%2Fcomments&post=26"}],"version-history":[{"count":6,"href":"https:\/\/gema.univasf.edu.br\/index.php?rest_route=\/wp\/v2\/pages\/26\/revisions"}],"predecessor-version":[{"id":433,"href":"https:\/\/gema.univasf.edu.br\/index.php?rest_route=\/wp\/v2\/pages\/26\/revisions\/433"}],"wp:attachment":[{"href":"https:\/\/gema.univasf.edu.br\/index.php?rest_route=%2Fwp%2Fv2%2Fmedia&parent=26"}],"curies":[{"name":"wp","href":"https:\/\/api.w.org\/{rel}","templated":true}]}}