{"id":28,"date":"2017-01-27T13:26:47","date_gmt":"2017-01-27T13:26:47","guid":{"rendered":"https:\/\/gema.univasf.edu.br\/?page_id=28"},"modified":"2019-09-23T00:44:20","modified_gmt":"2019-09-23T00:44:20","slug":"projetos","status":"publish","type":"page","link":"https:\/\/gema.univasf.edu.br\/?page_id=28","title":{"rendered":"Projetos de pesquisa"},"content":{"rendered":"<p>Projetos de pesquisa<\/p>\n<p>&nbsp;<\/p>\n<p>Linha 1 &#8211; Avalia\u00e7\u00e3o de Impactos Socioambientais<\/p>\n<p>Linha 2 &#8211; Degrada\u00e7\u00e3o Ambiental e Conserva\u00e7\u00e3o<\/p>\n<p>Linha 3 &#8211; Ecologia Espacial e Geoecologia<\/p>\n<p>Linha 4 &#8211; Geografia, Recursos Naturais e Turismo<\/p>\n<p>Linha 5 &#8211; Mapeamento, Modelagem e Monitoramento Ambiental<\/p>\n<p>&nbsp;<\/p>\n","protected":false},"excerpt":{"rendered":"<p>Projetos de pesquisa &nbsp; Linha 1 &#8211; Avalia\u00e7\u00e3o de Impactos Socioambientais Linha 2 &#8211; Degrada\u00e7\u00e3o Ambiental e Conserva\u00e7\u00e3o Linha 3 &#8211; Ecologia Espacial e Geoecologia Linha 4 &#8211; Geografia, Recursos &hellip; <a class=\"readmore\" href=\"https:\/\/gema.univasf.edu.br\/?page_id=28\">Continue Reading &rarr;<\/a><\/p>\n","protected":false},"author":1,"featured_media":0,"parent":0,"menu_order":0,"comment_status":"closed","ping_status":"closed","template":"","meta":{"jetpack_post_was_ever_published":false,"footnotes":""},"jetpack_sharing_enabled":true,"jetpack_shortlink":"https:\/\/wp.me\/P8l82G-s","_links":{"self":[{"href":"https:\/\/gema.univasf.edu.br\/index.php?rest_route=\/wp\/v2\/pages\/28"}],"collection":[{"href":"https:\/\/gema.univasf.edu.br\/index.php?rest_route=\/wp\/v2\/pages"}],"about":[{"href":"https:\/\/gema.univasf.edu.br\/index.php?rest_route=\/wp\/v2\/types\/page"}],"author":[{"embeddable":true,"href":"https:\/\/gema.univasf.edu.br\/index.php?rest_route=\/wp\/v2\/users\/1"}],"replies":[{"embeddable":true,"href":"https:\/\/gema.univasf.edu.br\/index.php?rest_route=%2Fwp%2Fv2%2Fcomments&post=28"}],"version-history":[{"count":6,"href":"https:\/\/gema.univasf.edu.br\/index.php?rest_route=\/wp\/v2\/pages\/28\/revisions"}],"predecessor-version":[{"id":437,"href":"https:\/\/gema.univasf.edu.br\/index.php?rest_route=\/wp\/v2\/pages\/28\/revisions\/437"}],"wp:attachment":[{"href":"https:\/\/gema.univasf.edu.br\/index.php?rest_route=%2Fwp%2Fv2%2Fmedia&parent=28"}],"curies":[{"name":"wp","href":"https:\/\/api.w.org\/{rel}","templated":true}]}}