{"id":37,"date":"2017-01-27T13:28:02","date_gmt":"2017-01-27T13:28:02","guid":{"rendered":"https:\/\/gema.univasf.edu.br\/?page_id=37"},"modified":"2019-09-23T00:01:46","modified_gmt":"2019-09-23T00:01:46","slug":"contato","status":"publish","type":"page","link":"https:\/\/gema.univasf.edu.br\/?page_id=37","title":{"rendered":"Contato"},"content":{"rendered":"<div id=\"attachment_226\" style=\"width: 324px\" class=\"wp-caption alignright\"><img aria-describedby=\"caption-attachment-226\" decoding=\"async\" loading=\"lazy\" class=\" wp-image-226\" src=\"https:\/\/gema.univasf.edu.br\/wp-content\/uploads\/2017\/03\/univasf_.jpg\" alt=\"\" width=\"314\" height=\"245\" \/><p id=\"caption-attachment-226\" class=\"wp-caption-text\"><span class=\"_xdb\"><a class=\"fl\" href=\"https:\/\/www.google.com.br\/search?q=universidade+federal+vale+do+sao+francisco+endere%C3%A7o&amp;stick=H4sIAAAAAAAAAOPgE-LSz9U3SC5LKi_O0ZLNTrbSz8lPTizJzM-DM6wSU1KKUouLAa1GBx0tAAAA&amp;sa=X&amp;ved=0ahUKEwjC0I6L2erSAhVCDpAKHfibB84Q6BMIjwEwEg\" data-ved=\"0ahUKEwjC0I6L2erSAhVCDpAKHfibB84Q6BMIjwEwEg\">Endere\u00e7o<\/a>: <\/span><span class=\"_Xbe\">R. Tom\u00e1s Guimar\u00e3es &#8211; Tomaz Guimar\u00e3es, Sr. do Bonfim &#8211; BA, 48970-000<\/span><br \/><span class=\"_xdb\"><a class=\"fl\" href=\"https:\/\/www.google.com.br\/search?q=universidade+federal+vale+do+sao+francisco+telefone&amp;stick=H4sIAAAAAAAAAOPgE-LSz9U3SC5LKi_O0dLPTrbST87PyUlNLsnMz9PPzssvz0lNSU-NL0jMS80p1s9ILI4vyMjPS7UCkwDMnSBcPwAAAA&amp;sa=X&amp;ved=0ahUKEwjC0I6L2erSAhVCDpAKHfibB84Q6BMIkgEwEw\" data-ved=\"0ahUKEwjC0I6L2erSAhVCDpAKHfibB84Q6BMIkgEwEw\">Telefone<\/a>: <\/span><span class=\"_Xbe _ZWk kno-fv\"><a class=\"fl r-iwH0B_8aMkLU\" title=\"Ligar pelo Hangouts\" data-number=\"+557432214800\" data-pstn-out-call-url=\"\" data-rtid=\"iwH0B_8aMkLU\" data-ved=\"0ahUKEwjC0I6L2erSAhVCDpAKHfibB84QkAgIkwEoADAT\">(74) 3221-4800<\/a><\/span><\/p><\/div>\n<p>&nbsp;<\/p>\n<p>&nbsp;<\/p>\n<p style=\"text-align: left;\">O GEMA \u00e9 vinculado ao Campus da <a href=\"http:\/\/www.univasf.edu.br\">Universidade Federal do Vale do S\u00e3o Francisco (UNIVASF)<\/a>, em Senhor do Bonfim, Bahia, junto aos Colegiados de <a href=\"http:\/\/www.ecologia.univasf.edu.br\">Ecologia<\/a> e <a href=\"http:\/\/www.geografia.univasf.edu.br\">Geografia<\/a>.<\/p>\n<p style=\"text-align: left;\">O seu contato ser\u00e1 encaminhado para os atuais l\u00edderes do grupo:<\/p>\n<div id=\"smformcont-227\">\n<form class=\"yui3-cssreset smform smform-labelposleft\" id=\"smform-227\" method=\"POST\" action=\"https:\/\/gema.univasf.edu.br\/wp-admin\/admin-ajax.php?action=smuzform-storage&method=submit&formId=227&nonce=12a88dc34e\" role=\"form\" enctype=\"multipart\/form-data\" data-formid=\"227\">\n\t\n\t<div class=\"smform-errors-cont\"><\/div>\n\t\n\t\n\t<legend class=\"smform-header\">\n\t\t\n\t\t<h3 class=\"smform-title\">Formul\u00e1rio<\/h3>\n\n\t\t<div class=\"smform-description\">\n\t\t\t<p><\/p>\n\t\t<\/div>\n\n\t<\/legend>\n\n\t\n\n\t<div class=\"smform-fieldcont smform-fieldcontname \" id=\"smform-fieldcont2270\" \n\t\tdata-key=\"smform-field2270\" \n\t\tdata-rule=\"disabled\" \n\t\tdata-ruleoperator=\"is\"\n\t\tdata-ruleaction=\"show\"\n\t\tdata-rulecmpvalue=\"\"\n\t\tdata-rulefield=\"\" >\n\n\t\t\t\n\t\t\n\t\t\n\t\t\n\t\t\n\t\t\n\t\t\n\t\t\n\t\t\n\t\t\n\t\t\n\t\t<label for=\"smform-field2270\" class=\"smform-field-label required \">Nome<\/label>\n<div class=\"smFormInlineFormCont\">\t\t\n\t\t<div class=\"smInlineForm\">\n\t\t\t<span>\n\t\t\t<label><input name=\"smFieldData[wpformfield128585][name][firstName]\" id=\"smform-fieldfname2270\"\n\t\t\t   \tclass=\"smFieldFirstName smform-control smform-field-sizelarge required \"\n\t\t\t   \ttype=\"text\" required  date-type=\"name\" \/> First<\/label><\/span>\n\n\t\t\t<span><label><input name=\"smFieldData[wpformfield128585][name][lastName]\" id=\"smform-fieldlname2270\"\n\t\t\t   \tclass=\"smFieldLastName smform-control smform-field-sizelarge required \"\n\t\t\t   \ttype=\"text\" required  date-type=\"name\" \/> Last<\/label><\/span>\n\t\t<\/div>\n<\/div>\n\t\t<div style=\"clear:both\"><\/div>\n\n\n\n\n\n\n\n\n\t\t\n\t\t\n\t<\/div>\n\n\t\n\n\t<div class=\"smform-fieldcont smform-fieldcontphone \" id=\"smform-fieldcont2271\" \n\t\tdata-key=\"smform-field2271\" \n\t\tdata-rule=\"disabled\" \n\t\tdata-ruleoperator=\"is\"\n\t\tdata-ruleaction=\"show\"\n\t\tdata-rulecmpvalue=\"\"\n\t\tdata-rulefield=\"\" >\n\n\t\t\t\n\t\t\n\t\t\n\t\t\n\t\t\n\t\t\n\t\t\n\t\t\n\t\t\n\t\t\n\n\n\n\n\t\t\n<label for=\"smform-field2271\" class=\"smform-field-label \">Telefone<\/label>\n\n<input name=\"smFieldData[wpformfield17545]\" id=\"smform-field2271\"\n\tvalue=\"\"\n\tplaceholder=\"Formato (xx) xxxxx-xxxx\"\n\tclass=\"smform-controllabelpos smform-control  smform-field-sizemedium\"\n\ttype=\"text\"  date-type=\"phone\" \/>\n\n\n\n\n\t\t\n\t\t\n\t<\/div>\n\n\t\n\n\t<div class=\"smform-fieldcont smform-fieldcontemail \" id=\"smform-fieldcont2272\" \n\t\tdata-key=\"smform-field2272\" \n\t\tdata-rule=\"disabled\" \n\t\tdata-ruleoperator=\"is\"\n\t\tdata-ruleaction=\"show\"\n\t\tdata-rulecmpvalue=\"\"\n\t\tdata-rulefield=\"\" >\n\n\t\t\t\n\t\t\n\t\t\n\t\t\n\t\t\n\t\t\n\t\t\n\t\t\n\t\t\n\t\t\n\n\t\t\n<label for=\"smform-field2272\" class=\"smform-field-label required \">E-mail<\/label>\n\n<input name=\"smFieldData[wpformfield129299]\" id=\"smform-field2272\"\n\tvalue=\"\"\n\tplaceholder=\"Digite o seu melhor e-mail\"\n\tclass=\"smform-control smform-controllabelpos required  smform-field-sizemedium\"\n\ttype=\"email\" required  date-type=\"email\" \/>\n\n\n\n\n\n\n\n\t\t\n\t\t\n\t<\/div>\n\n\t\n\n\t<div class=\"smform-fieldcont smform-fieldcontsingletext \" id=\"smform-fieldcont2273\" \n\t\tdata-key=\"smform-field2273\" \n\t\tdata-rule=\"disabled\" \n\t\tdata-ruleoperator=\"is\"\n\t\tdata-ruleaction=\"show\"\n\t\tdata-rulecmpvalue=\"\"\n\t\tdata-rulefield=\"\" >\n\n\t\t\t\n\t\t\t\t\n\t\t<label for=\"smform-field2273\" class=\"smform-field-label required \">Mensagem<\/label>\n\n\t\t<input name=\"smFieldData[wpformfield68969]\" id=\"smform-field2273\"\n\t\t \tvalue=\"\"\n\t\t \tplaceholder=\"Digite sua mensagem\"\n\t\t   \tclass=\"smform-control smform-controllabelpos required  smform-field-sizelarge\"\n\t\t   \ttype=\"text\" required  date-type=\"text\" \/>\n\n\t\t\n\t\t\n\t\t\n\t\t\n\t\t\n\t\t\n\t\t\n\t\t\n\t\t\n\n\n\n\n\n\n\n\t\t\n\t\t\n\t<\/div>\n\n\t\n\t\n\t<div id=\"smuzform-robot\" style=\"display: none\">\n\t\t<label>If you're not a fish leave this field blank:<\/label>\n\t\t<input name=\"smuztrapfish\" type=\"text\" style=\"display: none\" \/>\n\t<\/div>\n\n\t\n\t\n\t<div class=\"smform-submitbtn-cont\">\n\t\t<input type=\"submit\" value=\"ENVIAR\" name=\"submitForm\" class=\"smform-submit\" \/>\n\t\t<div class=\"smform-ajax-spinner\">\n\t\t\t<div class=\"sk-circle\">\n\t\t        <div class=\"sk-circle1 sk-child\"><\/div>\n\t\t        <div class=\"sk-circle2 sk-child\"><\/div>\n\t\t        <div class=\"sk-circle3 sk-child\"><\/div>\n\t\t        <div class=\"sk-circle4 sk-child\"><\/div>\n\t\t        <div class=\"sk-circle5 sk-child\"><\/div>\n\t\t        <div class=\"sk-circle6 sk-child\"><\/div>\n\t\t        <div class=\"sk-circle7 sk-child\"><\/div>\n\t\t        <div class=\"sk-circle8 sk-child\"><\/div>\n\t\t        <div class=\"sk-circle9 sk-child\"><\/div>\n\t\t        <div class=\"sk-circle10 sk-child\"><\/div>\n\t\t        <div class=\"sk-circle11 sk-child\"><\/div>\n\t\t        <div class=\"sk-circle12 sk-child\"><\/div>\n\t\t     <\/div>\n\t\t<\/div>\n\t<\/div>\n\n\t<div class=\"smform-ajax-msg\"><p class=\"smform-ajax-msg-p\"><\/p><\/div>\n\n\t<input type=\"hidden\" name=\"_formId\" value=\"227\" \/>\n\t<input type=\"hidden\" name=\"_returnLink\" value=\"https:\/\/gema.univasf.edu.br\/?page_id=37\" \/>\n\n\t<input type=\"hidden\" data-formid=\"227\" value='[]' id=\"smformstyle-227\" class=\"smformstylehidden\" \/>\n\n\t\t\n<\/form>\n<\/div>\n","protected":false},"excerpt":{"rendered":"<p>&nbsp; &nbsp; O GEMA \u00e9 vinculado ao Campus da Universidade Federal do Vale do S\u00e3o Francisco (UNIVASF), em Senhor do Bonfim, Bahia, junto aos Colegiados de Ecologia e Geografia. O &hellip; <a class=\"readmore\" href=\"https:\/\/gema.univasf.edu.br\/?page_id=37\">Continue Reading &rarr;<\/a><\/p>\n","protected":false},"author":1,"featured_media":0,"parent":0,"menu_order":0,"comment_status":"closed","ping_status":"closed","template":"","meta":{"jetpack_post_was_ever_published":false,"footnotes":""},"jetpack_sharing_enabled":true,"jetpack_shortlink":"https:\/\/wp.me\/P8l82G-B","_links":{"self":[{"href":"https:\/\/gema.univasf.edu.br\/index.php?rest_route=\/wp\/v2\/pages\/37"}],"collection":[{"href":"https:\/\/gema.univasf.edu.br\/index.php?rest_route=\/wp\/v2\/pages"}],"about":[{"href":"https:\/\/gema.univasf.edu.br\/index.php?rest_route=\/wp\/v2\/types\/page"}],"author":[{"embeddable":true,"href":"https:\/\/gema.univasf.edu.br\/index.php?rest_route=\/wp\/v2\/users\/1"}],"replies":[{"embeddable":true,"href":"https:\/\/gema.univasf.edu.br\/index.php?rest_route=%2Fwp%2Fv2%2Fcomments&post=37"}],"version-history":[{"count":13,"href":"https:\/\/gema.univasf.edu.br\/index.php?rest_route=\/wp\/v2\/pages\/37\/revisions"}],"predecessor-version":[{"id":432,"href":"https:\/\/gema.univasf.edu.br\/index.php?rest_route=\/wp\/v2\/pages\/37\/revisions\/432"}],"wp:attachment":[{"href":"https:\/\/gema.univasf.edu.br\/index.php?rest_route=%2Fwp%2Fv2%2Fmedia&parent=37"}],"curies":[{"name":"wp","href":"https:\/\/api.w.org\/{rel}","templated":true}]}}