{"id":409,"date":"2019-01-11T12:50:30","date_gmt":"2019-01-11T12:50:30","guid":{"rendered":"https:\/\/gema.univasf.edu.br\/?page_id=409"},"modified":"2019-09-23T15:14:05","modified_gmt":"2019-09-23T15:14:05","slug":"cbh-itapicuru","status":"publish","type":"page","link":"https:\/\/gema.univasf.edu.br\/?page_id=409","title":{"rendered":"CBH Itapicuru"},"content":{"rendered":"<hr \/>\n<p><img decoding=\"async\" loading=\"lazy\" class=\"aligncenter wp-image-424 size-full\" src=\"https:\/\/gema.univasf.edu.br\/wp-content\/uploads\/2019\/01\/Imagem-CBHI-imagem-cabe\u00e7alho-pequeno.png\" width=\"566\" height=\"97\" srcset=\"https:\/\/gema.univasf.edu.br\/wp-content\/uploads\/2019\/01\/Imagem-CBHI-imagem-cabe\u00e7alho-pequeno.png 566w, https:\/\/gema.univasf.edu.br\/wp-content\/uploads\/2019\/01\/Imagem-CBHI-imagem-cabe\u00e7alho-pequeno-300x51.png 300w, https:\/\/gema.univasf.edu.br\/wp-content\/uploads\/2019\/01\/Imagem-CBHI-imagem-cabe\u00e7alho-pequeno-210x36.png 210w\" sizes=\"(max-width: 566px) 100vw, 566px\" \/><\/p>\n<p><span style=\"color: #ff0000;\"><strong>Aviso importante<\/strong><\/span>: Esta <strong>N\u00c3O <\/strong>\u00e9 a p\u00e1gina oficial do Comit\u00ea da Bacia Hidrogr\u00e1fica do Rio Itapicuru (CHBI). A p\u00e1gina oficial do CBHI est\u00e1 sendo hospedada no s\u00edtio do Instituto do Meio Ambiente e Recursos H\u00eddricos (INEMA) do Estado da Bahia. Para ter acesso \u00e0 ela <span style=\"color: #3366ff;\"><a style=\"color: #3366ff;\" href=\"http:\/\/www.inema.ba.gov.br\/gestao-2\/comites-de-bacias\/comites\/cbh-itapicuru\/\">clique aqui<\/a><\/span>.<\/p>\n<p>Esta p\u00e1gina est\u00e1 sendo desenvolvida pelo GEMA em parceria com o CBHI que busca uma forma alternativa divulgar os documentos p\u00fablicos do CBHI assim como informa\u00e7\u00f5es de interesse para estudos e pesquisas sobre a Bacia Hidrogr\u00e1fica do Rio Itapicuru. A hospedagem no s\u00edtio do GEMA \u00e9 provis\u00f3ria enquanto a p\u00e1gina\u00a0\u00e9 desenvolvida, e enquanto o CBHI n\u00e3o identifica um espa\u00e7o alternativo e independente para hosped\u00e1-lo.<\/p>\n<p>Gustavo H. Negreiros Ph.D.<br \/>\nProfessor do Colegiado de Geografia &#8211; UNIVASF Senhor do Bonfim, BA<br \/>\nCoordenador do GEMA e Presidente do CBHI.<\/p>\n<p><a href=\"https:\/\/gema.univasf.edu.br\/?page_id=428\"><img decoding=\"async\" loading=\"lazy\" class=\"aligncenter wp-image-464 size-medium\" src=\"https:\/\/gema.univasf.edu.br\/wp-content\/uploads\/2019\/09\/CBHI-01-300x36.png\" width=\"300\" height=\"36\" srcset=\"https:\/\/gema.univasf.edu.br\/wp-content\/uploads\/2019\/09\/CBHI-01-300x36.png 300w, https:\/\/gema.univasf.edu.br\/wp-content\/uploads\/2019\/09\/CBHI-01-210x25.png 210w, https:\/\/gema.univasf.edu.br\/wp-content\/uploads\/2019\/09\/CBHI-01.png 319w\" sizes=\"(max-width: 300px) 100vw, 300px\" \/><\/a><\/p>\n<p style=\"text-align: center;\"><img decoding=\"async\" loading=\"lazy\" class=\"alignnone size-medium wp-image-465\" src=\"https:\/\/gema.univasf.edu.br\/wp-content\/uploads\/2019\/09\/CTs-01-300x38.png\" alt=\"\" width=\"300\" height=\"38\" srcset=\"https:\/\/gema.univasf.edu.br\/wp-content\/uploads\/2019\/09\/CTs-01-300x38.png 300w, https:\/\/gema.univasf.edu.br\/wp-content\/uploads\/2019\/09\/CTs-01-210x27.png 210w, https:\/\/gema.univasf.edu.br\/wp-content\/uploads\/2019\/09\/CTs-01.png 331w\" sizes=\"(max-width: 300px) 100vw, 300px\" \/><\/p>\n<p style=\"text-align: center;\"><img decoding=\"async\" loading=\"lazy\" class=\"alignnone size-medium wp-image-466\" src=\"https:\/\/gema.univasf.edu.br\/wp-content\/uploads\/2019\/09\/Itapicuru-01-300x28.png\" alt=\"\" width=\"300\" height=\"28\" srcset=\"https:\/\/gema.univasf.edu.br\/wp-content\/uploads\/2019\/09\/Itapicuru-01-300x28.png 300w, https:\/\/gema.univasf.edu.br\/wp-content\/uploads\/2019\/09\/Itapicuru-01-210x20.png 210w, https:\/\/gema.univasf.edu.br\/wp-content\/uploads\/2019\/09\/Itapicuru-01.png 460w\" sizes=\"(max-width: 300px) 100vw, 300px\" \/><\/p>\n<p><img decoding=\"async\" loading=\"lazy\" class=\"alignnone size-medium wp-image-467 aligncenter\" src=\"https:\/\/gema.univasf.edu.br\/wp-content\/uploads\/2019\/09\/RH-e-CBHs-01-300x22.png\" alt=\"\" width=\"300\" height=\"22\" srcset=\"https:\/\/gema.univasf.edu.br\/wp-content\/uploads\/2019\/09\/RH-e-CBHs-01-300x22.png 300w, https:\/\/gema.univasf.edu.br\/wp-content\/uploads\/2019\/09\/RH-e-CBHs-01-210x15.png 210w, https:\/\/gema.univasf.edu.br\/wp-content\/uploads\/2019\/09\/RH-e-CBHs-01.png 534w\" sizes=\"(max-width: 300px) 100vw, 300px\" \/><\/p>\n<p>&nbsp;<\/p>\n","protected":false},"excerpt":{"rendered":"<p>Aviso importante: Esta N\u00c3O \u00e9 a p\u00e1gina oficial do Comit\u00ea da Bacia Hidrogr\u00e1fica do Rio Itapicuru (CHBI). A p\u00e1gina oficial do CBHI est\u00e1 sendo hospedada no s\u00edtio do Instituto do &hellip; <a class=\"readmore\" href=\"https:\/\/gema.univasf.edu.br\/?page_id=409\">Continue Reading &rarr;<\/a><\/p>\n","protected":false},"author":1,"featured_media":0,"parent":0,"menu_order":0,"comment_status":"closed","ping_status":"closed","template":"","meta":{"jetpack_post_was_ever_published":false,"footnotes":""},"jetpack_sharing_enabled":true,"jetpack_shortlink":"https:\/\/wp.me\/P8l82G-6B","_links":{"self":[{"href":"https:\/\/gema.univasf.edu.br\/index.php?rest_route=\/wp\/v2\/pages\/409"}],"collection":[{"href":"https:\/\/gema.univasf.edu.br\/index.php?rest_route=\/wp\/v2\/pages"}],"about":[{"href":"https:\/\/gema.univasf.edu.br\/index.php?rest_route=\/wp\/v2\/types\/page"}],"author":[{"embeddable":true,"href":"https:\/\/gema.univasf.edu.br\/index.php?rest_route=\/wp\/v2\/users\/1"}],"replies":[{"embeddable":true,"href":"https:\/\/gema.univasf.edu.br\/index.php?rest_route=%2Fwp%2Fv2%2Fcomments&post=409"}],"version-history":[{"count":13,"href":"https:\/\/gema.univasf.edu.br\/index.php?rest_route=\/wp\/v2\/pages\/409\/revisions"}],"predecessor-version":[{"id":518,"href":"https:\/\/gema.univasf.edu.br\/index.php?rest_route=\/wp\/v2\/pages\/409\/revisions\/518"}],"wp:attachment":[{"href":"https:\/\/gema.univasf.edu.br\/index.php?rest_route=%2Fwp%2Fv2%2Fmedia&parent=409"}],"curies":[{"name":"wp","href":"https:\/\/api.w.org\/{rel}","templated":true}]}}