{"id":446,"date":"2019-09-23T01:33:11","date_gmt":"2019-09-23T01:33:11","guid":{"rendered":"https:\/\/gema.univasf.edu.br\/?page_id=446"},"modified":"2019-09-24T15:10:22","modified_gmt":"2019-09-24T15:10:22","slug":"camaras-tecnicas-cbhi","status":"publish","type":"page","link":"https:\/\/gema.univasf.edu.br\/?page_id=446","title":{"rendered":"C\u00e2maras T\u00e9cnicas do CBHI"},"content":{"rendered":"\n<p><strong>C\u00e2maras T\u00e9cnicas do CBHI<\/strong><\/p>\n\n\n\n<p>As C\u00e2maras T\u00e9cnicas (CTs) s\u00e3o c\u00e2maras consultivas do CBHI, compostas por t\u00e9cnicos escolhidos pelo CBHI, para discutir assuntos temas espec\u00edficos a pedido do Comit\u00ea, podendo ou n\u00e3o ser compostas por membros do pr\u00f3prio Comit\u00ea.\u00a0 Como as CTs n\u00e3o s\u00e3o deliberativas, n\u00e3o necessariamente possuem representatividade institucional ou equil\u00edbrio entre os diferentes segmentos como no Comit\u00ea. Os membros das diferentes CTs s\u00e3o escolhidos em Plen\u00e1ria do CBHI.<\/p>\n\n\n\n<p><strong>Atualmente s\u00e3o 04 (quatro) as CTs do CBHI.<\/strong> (atualizado em &#8230;)<\/p>\n\n\n\n<table class=\"wp-block-table\"><tbody><tr><td><strong>C\u00e2mara T\u00e9cnica<\/strong><\/td><td><strong>Objetivos<\/strong><\/td><td><strong>Atuais membros<\/strong><\/td><td><strong>Observa\u00e7\u00f5es<\/strong><\/td><\/tr><tr><td>Planos, Programas e Projetos &#8211; CTPPP<\/td><td><\/td><td><\/td><td><\/td><\/tr><tr><td>Educa\u00e7\u00e3o Ambiental e Mobiliza\u00e7\u00e3o Social &#8211; CTEAMS<\/td><td><\/td><td><\/td><td><\/td><\/tr><tr><td>Resolu\u00e7\u00e3o de Conflitos &#8211; CTRC<\/td><td><\/td><td>Gustavo H. Negreiros*<br>Ruben<br>Jorge<\/td><td><\/td><\/tr><tr><td>Outorgas e Cobran\u00e7as &#8211; CTOC<\/td><td><\/td><td><\/td><td>Definida sua cria\u00e7\u00e3o em 06\/09\/2019 &#8211; ainda n\u00e3o constitu\u00edda.<\/td><\/tr><\/tbody><\/table>\n\n\n\n<p>(*) Indica o coordenador da CTs como definido pela plen\u00e1ria do CBHI.<\/p>\n\n\n\n<p>As CTs se re\u00fanem em datas que elas mesmo determinam, de acordo com a necessidade e das demandas de cada uma delas. No dia anterior \u00e0s plen\u00e1rias Ordin\u00e1rias do CBHI (e algumas vezes tamb\u00e9m antes das Plen\u00e1rias Extraordin\u00e1rias) as CTs s\u00e3o convocadas para uma reuni\u00e3o de socializa\u00e7\u00e3o, onde apresentam o que foi discutido no per\u00edodo e discutem a pauta da pr\u00f3xima plen\u00e1ria do CBHI.  Os relat\u00f3rios t\u00e9cnicos, documentos e discuss\u00f5es feitas pelas CTs s\u00e3o encaminhados ao CBHI para aprecia\u00e7\u00e3o e vota\u00e7\u00e3o em plen\u00e1ria. <\/p>\n","protected":false},"excerpt":{"rendered":"<p>C\u00e2maras T\u00e9cnicas do CBHI As C\u00e2maras T\u00e9cnicas (CTs) s\u00e3o c\u00e2maras consultivas do CBHI, compostas por t\u00e9cnicos escolhidos pelo CBHI, para discutir assuntos temas espec\u00edficos a pedido do Comit\u00ea, podendo ou &hellip; <a class=\"readmore\" href=\"https:\/\/gema.univasf.edu.br\/?page_id=446\">Continue Reading &rarr;<\/a><\/p>\n","protected":false},"author":1,"featured_media":0,"parent":0,"menu_order":0,"comment_status":"closed","ping_status":"closed","template":"","meta":{"jetpack_post_was_ever_published":false,"footnotes":""},"jetpack_sharing_enabled":true,"jetpack_shortlink":"https:\/\/wp.me\/P8l82G-7c","_links":{"self":[{"href":"https:\/\/gema.univasf.edu.br\/index.php?rest_route=\/wp\/v2\/pages\/446"}],"collection":[{"href":"https:\/\/gema.univasf.edu.br\/index.php?rest_route=\/wp\/v2\/pages"}],"about":[{"href":"https:\/\/gema.univasf.edu.br\/index.php?rest_route=\/wp\/v2\/types\/page"}],"author":[{"embeddable":true,"href":"https:\/\/gema.univasf.edu.br\/index.php?rest_route=\/wp\/v2\/users\/1"}],"replies":[{"embeddable":true,"href":"https:\/\/gema.univasf.edu.br\/index.php?rest_route=%2Fwp%2Fv2%2Fcomments&post=446"}],"version-history":[{"count":6,"href":"https:\/\/gema.univasf.edu.br\/index.php?rest_route=\/wp\/v2\/pages\/446\/revisions"}],"predecessor-version":[{"id":598,"href":"https:\/\/gema.univasf.edu.br\/index.php?rest_route=\/wp\/v2\/pages\/446\/revisions\/598"}],"wp:attachment":[{"href":"https:\/\/gema.univasf.edu.br\/index.php?rest_route=%2Fwp%2Fv2%2Fmedia&parent=446"}],"curies":[{"name":"wp","href":"https:\/\/api.w.org\/{rel}","templated":true}]}}