{"id":450,"date":"2019-09-23T01:35:22","date_gmt":"2019-09-23T01:35:22","guid":{"rendered":"https:\/\/gema.univasf.edu.br\/?page_id=450"},"modified":"2019-09-23T01:35:22","modified_gmt":"2019-09-23T01:35:22","slug":"informacoes-e-links-sobre-recursos-hidricos-e-cbhs","status":"publish","type":"page","link":"https:\/\/gema.univasf.edu.br\/?page_id=450","title":{"rendered":"Informa\u00e7\u00f5es e Links sobre recursos h\u00eddricos e CBHs"},"content":{"rendered":"","protected":false},"excerpt":{"rendered":"","protected":false},"author":1,"featured_media":0,"parent":0,"menu_order":0,"comment_status":"closed","ping_status":"closed","template":"","meta":{"jetpack_post_was_ever_published":false,"footnotes":""},"jetpack_sharing_enabled":true,"jetpack_shortlink":"https:\/\/wp.me\/P8l82G-7g","_links":{"self":[{"href":"https:\/\/gema.univasf.edu.br\/index.php?rest_route=\/wp\/v2\/pages\/450"}],"collection":[{"href":"https:\/\/gema.univasf.edu.br\/index.php?rest_route=\/wp\/v2\/pages"}],"about":[{"href":"https:\/\/gema.univasf.edu.br\/index.php?rest_route=\/wp\/v2\/types\/page"}],"author":[{"embeddable":true,"href":"https:\/\/gema.univasf.edu.br\/index.php?rest_route=\/wp\/v2\/users\/1"}],"replies":[{"embeddable":true,"href":"https:\/\/gema.univasf.edu.br\/index.php?rest_route=%2Fwp%2Fv2%2Fcomments&post=450"}],"version-history":[{"count":1,"href":"https:\/\/gema.univasf.edu.br\/index.php?rest_route=\/wp\/v2\/pages\/450\/revisions"}],"predecessor-version":[{"id":451,"href":"https:\/\/gema.univasf.edu.br\/index.php?rest_route=\/wp\/v2\/pages\/450\/revisions\/451"}],"wp:attachment":[{"href":"https:\/\/gema.univasf.edu.br\/index.php?rest_route=%2Fwp%2Fv2%2Fmedia&parent=450"}],"curies":[{"name":"wp","href":"https:\/\/api.w.org\/{rel}","templated":true}]}}