{"id":455,"date":"2019-09-23T01:40:07","date_gmt":"2019-09-23T01:40:07","guid":{"rendered":"https:\/\/gema.univasf.edu.br\/?page_id=455"},"modified":"2019-09-24T14:11:00","modified_gmt":"2019-09-24T14:11:00","slug":"plenarias-do-cbhi","status":"publish","type":"page","link":"https:\/\/gema.univasf.edu.br\/?page_id=455","title":{"rendered":"Plen\u00e1rias do CBHI"},"content":{"rendered":"\n<p><strong>Pr\u00f3ximas Reuni\u00f5es<\/strong><\/p>\n\n\n\n<p>Extraordin\u00e1ria &#8211; 11 de Outubro de 2019 &#8211; Munic\u00edpio de Ponto Novo.<\/p>\n\n\n\n<p>Ordin\u00e1ria &#8211; XX de novembro de 2019 &#8211; Munic\u00edpio de Rio Real.<\/p>\n\n\n\n<p><strong>\u00daltimas Reuni\u00f5es (2018 \/ 2019)<\/strong>abela &#8211; Nome \/ Data \/ Local \/ Documentos (Convocat\u00f3ria \/ Presen\u00e7a \/ ATA) \/ Observa\u00e7\u00f5es<\/p>\n\n\n\n<p>Mo\u00e7\u00f5es e Delibera\u00e7\u00f5es do CBHI<\/p>\n\n\n\n<p>Tabela &#8211; Nome \/ Data \/ Observa\u00e7\u00f5es e coment\u00e1rios<\/p>\n","protected":false},"excerpt":{"rendered":"<p>Pr\u00f3ximas Reuni\u00f5es Extraordin\u00e1ria &#8211; 11 de Outubro de 2019 &#8211; Munic\u00edpio de Ponto Novo. Ordin\u00e1ria &#8211; XX de novembro de 2019 &#8211; Munic\u00edpio de Rio Real. \u00daltimas Reuni\u00f5es (2018 \/ &hellip; <a class=\"readmore\" href=\"https:\/\/gema.univasf.edu.br\/?page_id=455\">Continue Reading &rarr;<\/a><\/p>\n","protected":false},"author":1,"featured_media":0,"parent":0,"menu_order":0,"comment_status":"closed","ping_status":"closed","template":"","meta":{"jetpack_post_was_ever_published":false,"footnotes":""},"jetpack_sharing_enabled":true,"jetpack_shortlink":"https:\/\/wp.me\/P8l82G-7l","_links":{"self":[{"href":"https:\/\/gema.univasf.edu.br\/index.php?rest_route=\/wp\/v2\/pages\/455"}],"collection":[{"href":"https:\/\/gema.univasf.edu.br\/index.php?rest_route=\/wp\/v2\/pages"}],"about":[{"href":"https:\/\/gema.univasf.edu.br\/index.php?rest_route=\/wp\/v2\/types\/page"}],"author":[{"embeddable":true,"href":"https:\/\/gema.univasf.edu.br\/index.php?rest_route=\/wp\/v2\/users\/1"}],"replies":[{"embeddable":true,"href":"https:\/\/gema.univasf.edu.br\/index.php?rest_route=%2Fwp%2Fv2%2Fcomments&post=455"}],"version-history":[{"count":2,"href":"https:\/\/gema.univasf.edu.br\/index.php?rest_route=\/wp\/v2\/pages\/455\/revisions"}],"predecessor-version":[{"id":504,"href":"https:\/\/gema.univasf.edu.br\/index.php?rest_route=\/wp\/v2\/pages\/455\/revisions\/504"}],"wp:attachment":[{"href":"https:\/\/gema.univasf.edu.br\/index.php?rest_route=%2Fwp%2Fv2%2Fmedia&parent=455"}],"curies":[{"name":"wp","href":"https:\/\/api.w.org\/{rel}","templated":true}]}}